{"id":1698,"date":"2023-09-21T20:52:11","date_gmt":"2023-09-21T20:52:11","guid":{"rendered":"https:\/\/caminoalcielo.org\/?post_type=product&#038;p=1698"},"modified":"2023-09-21T20:56:04","modified_gmt":"2023-09-21T20:56:04","slug":"pastor-carlota-isabel-contreras-de-perez","status":"publish","type":"product","link":"https:\/\/caminoalcielo.org\/es\/donee\/pastor-carlota-isabel-contreras-de-perez\/","title":{"rendered":"Pastor Carlota Isabel Contreras de P\u00e9rez"},"content":{"rendered":"<div data-elementor-type=\"wp-post\" data-elementor-id=\"1698\" class=\"elementor elementor-1698\">\n\t\t\t\t\t\t<section class=\"elementor-section elementor-top-section elementor-element elementor-element-6e865e70 elementor-section-boxed elementor-section-height-default elementor-section-height-default\" data-id=\"6e865e70\" data-element_type=\"section\" data-e-type=\"section\">\n\t\t\t\t\t\t<div class=\"elementor-container elementor-column-gap-default\">\n\t\t\t\t\t<div class=\"elementor-column elementor-col-100 elementor-top-column elementor-element elementor-element-654e3838\" data-id=\"654e3838\" data-element_type=\"column\" data-e-type=\"column\">\n\t\t\t<div class=\"elementor-widget-wrap elementor-element-populated\">\n\t\t\t\t\t\t<div class=\"elementor-element elementor-element-2e058250 elementor-widget elementor-widget-text-editor\" data-id=\"2e058250\" data-element_type=\"widget\" data-e-type=\"widget\" data-widget_type=\"text-editor.default\">\n\t\t\t\t\t\t\t\t\t<p><strong>Ubicaci\u00f3n:<\/strong> Guatemala<\/p><p><strong>Fecha:<\/strong> 15 de julio de 2022<\/p><p><strong>Nombre:<\/strong> Carlota Isabel Contreras de P\u00e9rez<\/p><p><strong>\u00a0Edad:<\/strong> 82<\/p><p><strong>Fecha de nacimiento:<\/strong> 10\/26\/1940<\/p><p><strong>Estado civil:<\/strong> Casado<\/p><p><strong>Estado de salud:<\/strong> Tiene varias dolencias por su edad.<\/p><p><strong>Historia de vida:<\/strong><\/p><p>Se cas\u00f3 con Pastor Juan Antonio P\u00e9rez G\u00f3mez y ha trabajado junto a \u00e9l varios lugares, donde levantaron con su familia varias obras, de las cuales, cuando ya estuvieron firmes y concurridas, los desped\u00edan.  Fundaron una Iglesia en Taxisco, donde se recib\u00eda a los seminaristas para que realizaran pr\u00e1cticas pastorales, entre los que figuraron los Pastores Jorge H. Lopez y Eli\u00fa Castillo, quienes fueron estudiantes de su esposo. Iniciaron la misi\u00f3n SHAMMA Fuente de Vida, la que ahora cuenta con cinco iglesias y de las cuales su esposo es el Ap\u00f3stol.   Tiene 8 hijos 5 mujeres y 3 hombres, y todos sirven a Se\u00f1or, sus hijas los cuidan y uno de sus hijos es Pastor de la Iglesia.<\/p>\t\t\t\t\t\t\t\t<\/div>\n\t\t\t\t\t<\/div>\n\t\t<\/div>\n\t\t\t\t\t<\/div>\n\t\t<\/section>\n\t\t<div class=\"elementor-element elementor-element-f03c3d6 e-flex e-con-boxed e-con e-parent\" data-id=\"f03c3d6\" data-element_type=\"container\" data-e-type=\"container\">\n\t\t\t\t\t<div class=\"e-con-inner\">\n\t\t\t\t<div class=\"elementor-element elementor-element-aa22a78 elementor-widget elementor-widget-wp-widget-media_video\" data-id=\"aa22a78\" data-element_type=\"widget\" data-e-type=\"widget\" data-widget_type=\"wp-widget-media_video.default\">\n\t\t\t\t<div class=\"elementor-widget-container\">\n\t\t\t\t\t<div style=\"width:100%;\" class=\"wp-video\"><video class=\"wp-video-shortcode\" id=\"video-1698-1\" preload=\"metadata\" controls=\"controls\"><source type=\"video\/mp4\" src=\"https:\/\/caminoalcielo.org\/wp-content\/uploads\/2023\/08\/PASTORA-CARLOTA-DE-PEREZ.mp4?_=1\" \/><source type=\"video\/mp4\" src=\"https:\/\/caminoalcielo.org\/wp-content\/uploads\/2023\/08\/PASTORA-CARLOTA-DE-PEREZ.mp4?_=1\" \/><a href=\"https:\/\/caminoalcielo.org\/wp-content\/uploads\/2023\/08\/PASTORA-CARLOTA-DE-PEREZ.mp4\">https:\/\/caminoalcielo.org\/wp-content\/uploads\/2023\/08\/PASTORA-CARLOTA-DE-PEREZ.mp4<\/a><\/video><\/div>\t\t\t\t<\/div>\n\t\t\t\t<\/div>\n\t\t\t\t\t<\/div>\n\t\t\t\t<\/div>\n\t\t\t\t<\/div>","protected":false},"excerpt":{"rendered":"<p>La Pastora Carlota Isabel Contreras de P\u00e9rez tiene 82 a\u00f1os e iniciaron junto a su esposo la misi\u00f3n SHAMMA Fuente de Vida, la que ahora cuenta con cinco iglesias y de las cuales su esposo es el Ap\u00f3stol. Depende econ\u00f3micamente de su esposo, pero debido a las enfermedades de \u00e9l, ambos necesitan ayuda para vivir dignamente.<\/p>","protected":false},"featured_media":1202,"template":"","meta":{"_acf_changed":false,"_eb_attr":"","_uag_custom_page_level_css":"","site-sidebar-layout":"default","site-content-layout":"","ast-site-content-layout":"full-width-container","site-content-style":"default","site-sidebar-style":"default","ast-global-header-display":"","ast-banner-title-visibility":"","ast-main-header-display":"","ast-hfb-above-header-display":"","ast-hfb-below-header-display":"","ast-hfb-mobile-header-display":"","site-post-title":"","ast-breadcrumbs-content":"","ast-featured-img":"","footer-sml-layout":"","ast-disable-related-posts":"","theme-transparent-header-meta":"default","adv-header-id-meta":"","stick-header-meta":"","header-above-stick-meta":"","header-main-stick-meta":"","header-below-stick-meta":"","astra-migrate-meta-layouts":"set","ast-page-background-enabled":"default","ast-page-background-meta":{"desktop":{"background-color":"","background-image":"","background-repeat":"repeat","background-position":"center center","background-size":"auto","background-attachment":"scroll","background-type":"","background-media":"","overlay-type":"","overlay-color":"","overlay-opacity":"","overlay-gradient":""},"tablet":{"background-color":"","background-image":"","background-repeat":"repeat","background-position":"center center","background-size":"auto","background-attachment":"scroll","background-type":"","background-media":"","overlay-type":"","overlay-color":"","overlay-opacity":"","overlay-gradient":""},"mobile":{"background-color":"","background-image":"","background-repeat":"repeat","background-position":"center center","background-size":"auto","background-attachment":"scroll","background-type":"","background-media":"","overlay-type":"","overlay-color":"","overlay-opacity":"","overlay-gradient":""}},"ast-content-background-meta":{"desktop":{"background-color":"var(--ast-global-color-5)","background-image":"","background-repeat":"repeat","background-position":"center center","background-size":"auto","background-attachment":"scroll","background-type":"","background-media":"","overlay-type":"","overlay-color":"","overlay-opacity":"","overlay-gradient":""},"tablet":{"background-color":"var(--ast-global-color-5)","background-image":"","background-repeat":"repeat","background-position":"center center","background-size":"auto","background-attachment":"scroll","background-type":"","background-media":"","overlay-type":"","overlay-color":"","overlay-opacity":"","overlay-gradient":""},"mobile":{"background-color":"var(--ast-global-color-5)","background-image":"","background-repeat":"repeat","background-position":"center center","background-size":"auto","background-attachment":"scroll","background-type":"","background-media":"","overlay-type":"","overlay-color":"","overlay-opacity":"","overlay-gradient":""}}},"product_brand":[],"product_cat":[60],"product_tag":[],"class_list":{"0":"post-1698","1":"product","2":"type-product","3":"status-publish","4":"has-post-thumbnail","6":"product_cat-ministers","7":"desktop-align-center","8":"tablet-align-left","9":"mobile-align-left","11":"first","12":"instock","13":"taxable","14":"shipping-taxable","15":"purchasable","16":"product-type-variable"},"acf":[],"uagb_featured_image_src":{"full":["https:\/\/caminoalcielo.org\/wp-content\/uploads\/2023\/08\/Pastora-Carlota-Isabel-de-Perez.jpg",600,760,false],"thumbnail":["https:\/\/caminoalcielo.org\/wp-content\/uploads\/2023\/08\/Pastora-Carlota-Isabel-de-Perez-150x150.jpg",150,150,true],"medium":["https:\/\/caminoalcielo.org\/wp-content\/uploads\/2023\/08\/Pastora-Carlota-Isabel-de-Perez-237x300.jpg",237,300,true],"medium_large":["https:\/\/caminoalcielo.org\/wp-content\/uploads\/2023\/08\/Pastora-Carlota-Isabel-de-Perez.jpg",600,760,false],"large":["https:\/\/caminoalcielo.org\/wp-content\/uploads\/2023\/08\/Pastora-Carlota-Isabel-de-Perez.jpg",600,760,false],"1536x1536":["https:\/\/caminoalcielo.org\/wp-content\/uploads\/2023\/08\/Pastora-Carlota-Isabel-de-Perez.jpg",600,760,false],"2048x2048":["https:\/\/caminoalcielo.org\/wp-content\/uploads\/2023\/08\/Pastora-Carlota-Isabel-de-Perez.jpg",600,760,false],"trp-custom-language-flag":["https:\/\/caminoalcielo.org\/wp-content\/uploads\/2023\/08\/Pastora-Carlota-Isabel-de-Perez.jpg",9,12,false],"woocommerce_thumbnail":["https:\/\/caminoalcielo.org\/wp-content\/uploads\/2023\/08\/Pastora-Carlota-Isabel-de-Perez-300x380.jpg",300,380,true],"woocommerce_single":["https:\/\/caminoalcielo.org\/wp-content\/uploads\/2023\/08\/Pastora-Carlota-Isabel-de-Perez.jpg",600,760,false],"woocommerce_gallery_thumbnail":["https:\/\/caminoalcielo.org\/wp-content\/uploads\/2023\/08\/Pastora-Carlota-Isabel-de-Perez-100x100.jpg",100,100,true]},"uagb_author_info":{"display_name":"admin_camino2023","author_link":"https:\/\/caminoalcielo.org\/es\/author\/"},"uagb_comment_info":0,"uagb_excerpt":"Pastor Carlota Isabel Contreras de P\u00e9rez is 82 years old and, along with her husband, initiated the SHAMMA Fuente de Vida mission, which now consists of five churches, with her husband serving as the Apostle. She is financially dependent on her husband, but due to his illnesses, they both require assistance to live with dignity.","jetpack_sharing_enabled":true,"_links":{"self":[{"href":"https:\/\/caminoalcielo.org\/es\/wp-json\/wp\/v2\/product\/1698","targetHints":{"allow":["GET"]}}],"collection":[{"href":"https:\/\/caminoalcielo.org\/es\/wp-json\/wp\/v2\/product"}],"about":[{"href":"https:\/\/caminoalcielo.org\/es\/wp-json\/wp\/v2\/types\/product"}],"version-history":[{"count":5,"href":"https:\/\/caminoalcielo.org\/es\/wp-json\/wp\/v2\/product\/1698\/revisions"}],"predecessor-version":[{"id":1707,"href":"https:\/\/caminoalcielo.org\/es\/wp-json\/wp\/v2\/product\/1698\/revisions\/1707"}],"wp:featuredmedia":[{"embeddable":true,"href":"https:\/\/caminoalcielo.org\/es\/wp-json\/wp\/v2\/media\/1202"}],"wp:attachment":[{"href":"https:\/\/caminoalcielo.org\/es\/wp-json\/wp\/v2\/media?parent=1698"}],"wp:term":[{"taxonomy":"product_brand","embeddable":true,"href":"https:\/\/caminoalcielo.org\/es\/wp-json\/wp\/v2\/product_brand?post=1698"},{"taxonomy":"product_cat","embeddable":true,"href":"https:\/\/caminoalcielo.org\/es\/wp-json\/wp\/v2\/product_cat?post=1698"},{"taxonomy":"product_tag","embeddable":true,"href":"https:\/\/caminoalcielo.org\/es\/wp-json\/wp\/v2\/product_tag?post=1698"}],"curies":[{"name":"wp","href":"https:\/\/api.w.org\/{rel}","templated":true}]}}